{"id":2,"date":"2025-10-29T23:23:27","date_gmt":"2025-10-29T23:23:27","guid":{"rendered":"https:\/\/kipesa.wpenginepowered.com\/?page_id=2"},"modified":"2025-10-30T22:44:12","modified_gmt":"2025-10-30T22:44:12","slug":"sample-page","status":"publish","type":"page","link":"https:\/\/kipesa.com\/","title":{"rendered":"KIPESA Nicaragua"},"content":{"rendered":"<section class=\"bde-section-2-100 bde-section\">\n  \n  \n\t\n\n\n\n<div class=\"section-container\"><div class=\"bde-div-2-109 bde-div\">\n  \n  \n\t\n\n\n\n<img decoding=\"async\" class=\"bde-image2-2-108 bde-image2\" src=\"https:\/\/kipesa.com\/wp-content\/uploads\/2025\/10\/KIPESA-W.webp\" loading=\"lazy\" srcset=\"https:\/\/kipesa.com\/wp-content\/uploads\/2025\/10\/KIPESA-W.webp 593w, https:\/\/kipesa.com\/wp-content\/uploads\/2025\/10\/KIPESA-W-300x113.webp 300w\" sizes=\"(max-width: 593px) 100vw, 593px\">\n<\/div><div class=\"bde-text-2-102 bde-text\">\nEn KIPESA nos apasiona el mundo automotriz. Somos una casa comercial dedicada a ofrecerte las mejores opciones en veh\u00edculos, autom\u00f3viles y motocicletas, combinando calidad, confianza y variedad en cada modelo. Nuestro objetivo es que encuentres el veh\u00edculo perfecto para tu estilo de vida, con el respaldo de una experiencia segura y transparente.<br><br>Explora nuestro cat\u00e1logo y descubre por qu\u00e9 KIPESA es la elecci\u00f3n ideal para quienes buscan innovaci\u00f3n, rendimiento y comodidad sobre ruedas. \u00a1Tu pr\u00f3ximo viaje comienza aqu\u00ed!\n<\/div><div class=\"bde-columns-2-103 bde-columns\"><div class=\"bde-column-2-104 bde-column\">\n  \n  \n\t\n\n\n\n<div class=\"bde-icon-box-2-105 bde-icon-box\">\n\n    \n            <div class=\"ee-iconbox-icon breakdance-icon-atom\" >\n    \n                    <svg xmlns=\"http:\/\/www.w3.org\/2000\/svg\" viewBox=\"0 0 512 512\"><!--! Font Awesome Free 6.5.1 by @fontawesome - https:\/\/fontawesome.com License - https:\/\/fontawesome.com\/license\/free (Icons: CC BY 4.0, Fonts: SIL OFL 1.1, Code: MIT License) Copyright 2023 Fonticons, Inc. --><path d=\"M135.2 117.4L109.1 192H402.9l-26.1-74.6C372.3 104.6 360.2 96 346.6 96H165.4c-13.6 0-25.7 8.6-30.2 21.4zM39.6 196.8L74.8 96.3C88.3 57.8 124.6 32 165.4 32H346.6c40.8 0 77.1 25.8 90.6 64.3l35.2 100.5c23.2 9.6 39.6 32.5 39.6 59.2V400v48c0 17.7-14.3 32-32 32H448c-17.7 0-32-14.3-32-32V400H96v48c0 17.7-14.3 32-32 32H32c-17.7 0-32-14.3-32-32V400 256c0-26.7 16.4-49.6 39.6-59.2zM128 288a32 32 0 1 0 -64 0 32 32 0 1 0 64 0zm288 32a32 32 0 1 0 0-64 32 32 0 1 0 0 64z\"\/><\/svg>\n        \n        \n        \n            <\/div>\n    \n\n<div class=\"ee-iconbox-content\">\n      <p class=\"ee-iconbox-title bde-h3\" >KIA nicaragua<\/p>\n        <div class=\"ee-iconbox-text\" >El poder de sorprender de la marca KIA con sus modelos innovadores de veh\u00edculos est\u00e1n m\u00e1s cerca de los nicarag\u00fcenses.<\/div>\n            \n                                    \n    \n    \n    \n    \n            \n                    \n            \n            \n\n    \n    \n    \n    \n    \n    <a class=\"breakdance-link button-atom button-atom--custom ee-iconbox-button\" href=\"https:\/\/kia.com.ni\/sobre-nosotros\/\" target=\"_blank\" data-type=\"url\"  >\n\n    \n        <span class=\"button-atom__text\">Visitar Ahora<\/span>\n\n        \n        \n                <\/a>\n\n    \n\n  <\/div>\n\n<\/div>\n<\/div><div class=\"bde-column-2-106 bde-column\">\n  \n  \n\t\n\n\n\n<div class=\"bde-icon-box-2-107 bde-icon-box\">\n\n    \n            <div class=\"ee-iconbox-icon breakdance-icon-atom\" >\n    \n                    <svg xmlns=\"http:\/\/www.w3.org\/2000\/svg\" viewBox=\"0 0 640 512\"><!--! Font Awesome Free 6.5.1 by @fontawesome - https:\/\/fontawesome.com License - https:\/\/fontawesome.com\/license\/free (Icons: CC BY 4.0, Fonts: SIL OFL 1.1, Code: MIT License) Copyright 2023 Fonticons, Inc. --><path d=\"M280 32c-13.3 0-24 10.7-24 24s10.7 24 24 24h57.7l16.4 30.3L256 192l-45.3-45.3c-12-12-28.3-18.7-45.3-18.7H64c-17.7 0-32 14.3-32 32v32h96c88.4 0 160 71.6 160 160c0 11-1.1 21.7-3.2 32h70.4c-2.1-10.3-3.2-21-3.2-32c0-52.2 25-98.6 63.7-127.8l15.4 28.6C402.4 276.3 384 312 384 352c0 70.7 57.3 128 128 128s128-57.3 128-128s-57.3-128-128-128c-13.5 0-26.5 2.1-38.7 6L418.2 128H480c17.7 0 32-14.3 32-32V64c0-17.7-14.3-32-32-32H459.6c-7.5 0-14.7 2.6-20.5 7.4L391.7 78.9l-14-26c-7-12.9-20.5-21-35.2-21H280zM462.7 311.2l28.2 52.2c6.3 11.7 20.9 16 32.5 9.7s16-20.9 9.7-32.5l-28.2-52.2c2.3-.3 4.7-.4 7.1-.4c35.3 0 64 28.7 64 64s-28.7 64-64 64s-64-28.7-64-64c0-15.5 5.5-29.7 14.7-40.8zM187.3 376c-9.5 23.5-32.5 40-59.3 40c-35.3 0-64-28.7-64-64s28.7-64 64-64c26.9 0 49.9 16.5 59.3 40h66.4C242.5 268.8 190.5 224 128 224C57.3 224 0 281.3 0 352s57.3 128 128 128c62.5 0 114.5-44.8 125.8-104H187.3zM128 384a32 32 0 1 0 0-64 32 32 0 1 0 0 64z\"\/><\/svg>\n        \n        \n        \n            <\/div>\n    \n\n<div class=\"ee-iconbox-content\">\n      <p class=\"ee-iconbox-title bde-h3\" >HERO nicaragua<\/p>\n        <div class=\"ee-iconbox-text\" >Sin importar cu\u00e1l sea el reto, siempre habr\u00e1 una Hero a tu medida.<\/br><\/br><\/div>\n            \n                                    \n    \n    \n    \n    \n            \n                    \n            \n            \n\n    \n    \n    \n    \n    \n    <a class=\"breakdance-link button-atom button-atom--custom ee-iconbox-button\" href=\"https:\/\/heromotos.com.ni\/\" target=\"_self\" data-type=\"url\"  >\n\n    \n        <span class=\"button-atom__text\">Visitar Ahora <\/span>\n\n        \n        \n                <\/a>\n\n    \n\n  <\/div>\n\n<\/div>\n<\/div><\/div><div class=\"bde-text-2-110 bde-text\">\nDerechos Reservados \u00a9 2025\n<\/div><\/div>\n<\/section>","protected":false},"excerpt":{"rendered":"<p>En KIPESA nos apasiona el mundo automotriz. Somos una casa comercial dedicada a ofrecerte las mejores opciones en veh\u00edculos, autom\u00f3viles y motocicletas, combinando calidad, confianza y variedad en cada modelo. Nuestro objetivo es que encuentres el veh\u00edculo perfecto para tu estilo de vida, con el respaldo de una experiencia segura y transparente.Explora nuestro cat\u00e1logo y [&hellip;]<\/p>\n","protected":false},"author":1,"featured_media":0,"parent":0,"menu_order":0,"comment_status":"closed","ping_status":"open","template":"","meta":{"_breakdance_hide_in_design_set":false,"_breakdance_tags":"","footnotes":""},"class_list":["post-2","page","type-page","status-publish","hentry"],"_links":{"self":[{"href":"https:\/\/kipesa.com\/index.php?rest_route=\/wp\/v2\/pages\/2","targetHints":{"allow":["GET"]}}],"collection":[{"href":"https:\/\/kipesa.com\/index.php?rest_route=\/wp\/v2\/pages"}],"about":[{"href":"https:\/\/kipesa.com\/index.php?rest_route=\/wp\/v2\/types\/page"}],"author":[{"embeddable":true,"href":"https:\/\/kipesa.com\/index.php?rest_route=\/wp\/v2\/users\/1"}],"replies":[{"embeddable":true,"href":"https:\/\/kipesa.com\/index.php?rest_route=%2Fwp%2Fv2%2Fcomments&post=2"}],"version-history":[{"count":0,"href":"https:\/\/kipesa.com\/index.php?rest_route=\/wp\/v2\/pages\/2\/revisions"}],"wp:attachment":[{"href":"https:\/\/kipesa.com\/index.php?rest_route=%2Fwp%2Fv2%2Fmedia&parent=2"}],"curies":[{"name":"wp","href":"https:\/\/api.w.org\/{rel}","templated":true}]}}